{"id":32,"date":"2024-08-27T08:48:17","date_gmt":"2024-08-27T08:48:17","guid":{"rendered":"https:\/\/honkasensaatio.fi\/?page_id=32"},"modified":"2024-08-27T09:12:11","modified_gmt":"2024-08-27T09:12:11","slug":"vuokrakohteet","status":"publish","type":"page","link":"https:\/\/honkasensaatio.fi\/?page_id=32","title":{"rendered":"Vuokrakohteet"},"content":{"rendered":"\t\t<div data-elementor-type=\"wp-page\" data-elementor-id=\"32\" class=\"elementor elementor-32\">\n\t\t\t\t<div class=\"elementor-element elementor-element-e8b7249 e-flex e-con-boxed e-con e-parent\" data-id=\"e8b7249\" data-element_type=\"container\" data-settings=\"{&quot;background_background&quot;:&quot;classic&quot;}\">\n\t\t\t\t\t<div class=\"e-con-inner\">\n\t\t\t\t<div class=\"elementor-element elementor-element-6c56050 elementor-widget elementor-widget-heading\" data-id=\"6c56050\" data-element_type=\"widget\" data-widget_type=\"heading.default\">\n\t\t\t\t<div class=\"elementor-widget-container\">\n\t\t\t<style>\/*! elementor - v3.23.0 - 05-08-2024 *\/\n.elementor-heading-title{padding:0;margin:0;line-height:1}.elementor-widget-heading .elementor-heading-title[class*=elementor-size-]>a{color:inherit;font-size:inherit;line-height:inherit}.elementor-widget-heading .elementor-heading-title.elementor-size-small{font-size:15px}.elementor-widget-heading .elementor-heading-title.elementor-size-medium{font-size:19px}.elementor-widget-heading .elementor-heading-title.elementor-size-large{font-size:29px}.elementor-widget-heading .elementor-heading-title.elementor-size-xl{font-size:39px}.elementor-widget-heading .elementor-heading-title.elementor-size-xxl{font-size:59px}<\/style><h1 class=\"elementor-heading-title elementor-size-default\">Heikki ja Hilma Honkasen s\u00e4\u00e4ti\u00f6<\/h1>\t\t<\/div>\n\t\t\t\t<\/div>\n\t\t\t\t\t<\/div>\n\t\t\t\t<\/div>\n\t\t<div class=\"elementor-element elementor-element-e7f9c1e e-flex e-con-boxed e-con e-parent\" data-id=\"e7f9c1e\" data-element_type=\"container\">\n\t\t\t\t\t<div class=\"e-con-inner\">\n\t\t<div class=\"elementor-element elementor-element-efebaae e-con-full e-flex e-con e-child\" data-id=\"efebaae\" data-element_type=\"container\">\n\t\t\t\t<div class=\"elementor-element elementor-element-800afd1 elementor-icon-list--layout-traditional elementor-list-item-link-full_width elementor-widget elementor-widget-icon-list\" data-id=\"800afd1\" data-element_type=\"widget\" data-widget_type=\"icon-list.default\">\n\t\t\t\t<div class=\"elementor-widget-container\">\n\t\t\t<link rel=\"stylesheet\" href=\"http:\/\/honkasensaatio.fi\/wp-content\/plugins\/elementor\/assets\/css\/widget-icon-list.min.css\">\t\t<ul class=\"elementor-icon-list-items\">\n\t\t\t\t\t\t\t<li class=\"elementor-icon-list-item\">\n\t\t\t\t\t\t\t\t\t\t\t<a href=\"https:\/\/honkasensaatio.fi\/\">\n\n\t\t\t\t\t\t\t\t\t\t\t<span class=\"elementor-icon-list-text\">Etusivu<\/span>\n\t\t\t\t\t\t\t\t\t\t\t<\/a>\n\t\t\t\t\t\t\t\t\t<\/li>\n\t\t\t\t\t\t\t\t<li class=\"elementor-icon-list-item\">\n\t\t\t\t\t\t\t\t\t\t\t<a href=\"https:\/\/honkasensaatio.fi\/?page_id=29\">\n\n\t\t\t\t\t\t\t\t\t\t\t<span class=\"elementor-icon-list-text\">Apurahat<\/span>\n\t\t\t\t\t\t\t\t\t\t\t<\/a>\n\t\t\t\t\t\t\t\t\t<\/li>\n\t\t\t\t\t\t\t\t<li class=\"elementor-icon-list-item\">\n\t\t\t\t\t\t\t\t\t\t\t<a href=\"https:\/\/honkasensaatio.fi\/?page_id=30\">\n\n\t\t\t\t\t\t\t\t\t\t\t<span class=\"elementor-icon-list-text\">Tietoa s\u00e4\u00e4ti\u00f6st\u00e4<\/span>\n\t\t\t\t\t\t\t\t\t\t\t<\/a>\n\t\t\t\t\t\t\t\t\t<\/li>\n\t\t\t\t\t\t\t\t<li class=\"elementor-icon-list-item\">\n\t\t\t\t\t\t\t\t\t\t\t<a href=\"https:\/\/honkasensaatio.fi\/?page_id=31\">\n\n\t\t\t\t\t\t\t\t\t\t\t<span class=\"elementor-icon-list-text\">Historiaa<\/span>\n\t\t\t\t\t\t\t\t\t\t\t<\/a>\n\t\t\t\t\t\t\t\t\t<\/li>\n\t\t\t\t\t\t\t\t<li class=\"elementor-icon-list-item\">\n\t\t\t\t\t\t\t\t\t\t\t<a href=\"https:\/\/honkasensaatio.fi\/?page_id=32\">\n\n\t\t\t\t\t\t\t\t\t\t\t<span class=\"elementor-icon-list-text\">Vuokrakohteet<\/span>\n\t\t\t\t\t\t\t\t\t\t\t<\/a>\n\t\t\t\t\t\t\t\t\t<\/li>\n\t\t\t\t\t\t\t\t<li class=\"elementor-icon-list-item\">\n\t\t\t\t\t\t\t\t\t\t\t<a href=\"https:\/\/honkasensaatio.fi\/?page_id=33\">\n\n\t\t\t\t\t\t\t\t\t\t\t<span class=\"elementor-icon-list-text\">Yhteystiedot<\/span>\n\t\t\t\t\t\t\t\t\t\t\t<\/a>\n\t\t\t\t\t\t\t\t\t<\/li>\n\t\t\t\t\t\t<\/ul>\n\t\t\t\t<\/div>\n\t\t\t\t<\/div>\n\t\t\t\t<\/div>\n\t\t<div class=\"elementor-element elementor-element-354ad0b e-con-full e-flex e-con e-child\" data-id=\"354ad0b\" data-element_type=\"container\">\n\t\t\t\t<div class=\"elementor-element elementor-element-6571cda elementor-widget elementor-widget-heading\" data-id=\"6571cda\" data-element_type=\"widget\" data-widget_type=\"heading.default\">\n\t\t\t\t<div class=\"elementor-widget-container\">\n\t\t\t<h2 class=\"elementor-heading-title elementor-size-default\">Vuokrakohteet<\/h2>\t\t<\/div>\n\t\t\t\t<\/div>\n\t\t\t\t<div class=\"elementor-element elementor-element-24e182e elementor-widget elementor-widget-text-editor\" data-id=\"24e182e\" data-element_type=\"widget\" data-widget_type=\"text-editor.default\">\n\t\t\t\t<div class=\"elementor-widget-container\">\n\t\t\t<style>\/*! elementor - v3.23.0 - 05-08-2024 *\/\n.elementor-widget-text-editor.elementor-drop-cap-view-stacked .elementor-drop-cap{background-color:#69727d;color:#fff}.elementor-widget-text-editor.elementor-drop-cap-view-framed .elementor-drop-cap{color:#69727d;border:3px solid;background-color:transparent}.elementor-widget-text-editor:not(.elementor-drop-cap-view-default) .elementor-drop-cap{margin-top:8px}.elementor-widget-text-editor:not(.elementor-drop-cap-view-default) .elementor-drop-cap-letter{width:1em;height:1em}.elementor-widget-text-editor .elementor-drop-cap{float:left;text-align:center;line-height:1;font-size:50px}.elementor-widget-text-editor .elementor-drop-cap-letter{display:inline-block}<\/style>\t\t\t\t<p>S\u00e4\u00e4ti\u00f6n vuokrakohteet sijaitsevat Helsingin ydinkeskustassa Kruununhaassa meren l\u00e4heisyydess\u00e4 hyv\u00e4n ulkoilualueen kupeessa.<\/p>\n<p>Yksil\u00f6lliset markkinahintaiset vuokra-asunnot sopivat perheett\u00f6mille ja perheellisille niin opiskelijoille kuin ty\u00f6ss\u00e4k\u00e4yvillekin.<\/p>\n<p><b>Vuokraamme<\/b><\/p>\n<p>&#8211; Huoneita laadukkaissa soluasunnoissa<br>&#8211; Kalustamattomia huoneistoja 1h+kk \u2013 5 h+k<\/p><p>Vapaana olevat asunnot vaihtelevat, joten ota yhteytt\u00e4 s\u00e4\u00e4ti\u00f6n toimistoon<br>puh. 09 \u2013 135 6545 tai s\u00e4hk\u00f6postitse. Huomaathan, ett\u00e4 tupakointi ja lemmikkiel\u00e4inten pito ei ole sallittu asunnoissamme.<\/p>\n<p><span style=\"text-align: var(--text-align); font-size: 1rem;\">Vuokrakohteita voit hakea postitse tai s\u00e4hk\u00f6postitse osoitteesta toimisto@honkasensaatio.fi.<\/span><\/p><p><span style=\"text-align: var(--text-align); font-size: 1rem;\">Mainitse hakemuksessasi yhteystietosi ja puhelinnumerosi, oppilaitoksesi\/ty\u00f6paikkasi, ammattisi sek\u00e4 huoneistotyyppi mit\u00e4 haet esim. 1h+kk, 2h+kk, soluasunto.<\/span><br><\/p>\n<p>Ilmoita my\u00f6s toivottu vuokran suuruus ja asunnon tarpeen ajankohta. Muista mainita kanssasi muuttavat henkil\u00f6t, mik\u00e4li et muuta yksin. Pid\u00e4 huolta tietoturvasta, mik\u00e4li l\u00e4het\u00e4t tietojasi s\u00e4hk\u00f6postitse.<\/p>\t\t\t\t\t\t<\/div>\n\t\t\t\t<\/div>\n\t\t\t\t<\/div>\n\t\t\t\t\t<\/div>\n\t\t\t\t<\/div>\n\t\t<div class=\"elementor-element elementor-element-963db95 e-flex e-con-boxed e-con e-parent\" data-id=\"963db95\" data-element_type=\"container\" data-settings=\"{&quot;background_background&quot;:&quot;classic&quot;}\">\n\t\t\t\t\t<div class=\"e-con-inner\">\n\t\t\t\t<div class=\"elementor-element elementor-element-b68fcc7 elementor-icon-list--layout-inline elementor-hidden-tablet elementor-hidden-mobile elementor-list-item-link-full_width elementor-widget elementor-widget-icon-list\" data-id=\"b68fcc7\" data-element_type=\"widget\" data-widget_type=\"icon-list.default\">\n\t\t\t\t<div class=\"elementor-widget-container\">\n\t\t\t\t\t<ul class=\"elementor-icon-list-items elementor-inline-items\">\n\t\t\t\t\t\t\t<li class=\"elementor-icon-list-item elementor-inline-item\">\n\t\t\t\t\t\t\t\t\t\t<span class=\"elementor-icon-list-text\">Maneesikatu 4c B 50<\/span>\n\t\t\t\t\t\t\t\t\t<\/li>\n\t\t\t\t\t\t\t\t<li class=\"elementor-icon-list-item elementor-inline-item\">\n\t\t\t\t\t\t\t\t\t\t<span class=\"elementor-icon-list-text\">00170 Helsinki<\/span>\n\t\t\t\t\t\t\t\t\t<\/li>\n\t\t\t\t\t\t\t\t<li class=\"elementor-icon-list-item elementor-inline-item\">\n\t\t\t\t\t\t\t\t\t\t<span class=\"elementor-icon-list-text\">09 135 6545<\/span>\n\t\t\t\t\t\t\t\t\t<\/li>\n\t\t\t\t\t\t\t\t<li class=\"elementor-icon-list-item elementor-inline-item\">\n\t\t\t\t\t\t\t\t\t\t<span class=\"elementor-icon-list-text\">toimisto@honkasensaatio.fi<\/span>\n\t\t\t\t\t\t\t\t\t<\/li>\n\t\t\t\t\t\t<\/ul>\n\t\t\t\t<\/div>\n\t\t\t\t<\/div>\n\t\t\t\t<div class=\"elementor-element elementor-element-acde5f1 elementor-widget elementor-widget-heading\" data-id=\"acde5f1\" data-element_type=\"widget\" data-widget_type=\"heading.default\">\n\t\t\t\t<div class=\"elementor-widget-container\">\n\t\t\t<div class=\"elementor-heading-title elementor-size-default\">Copyright \u00a9 HONKASEN S\u00c4\u00c4TI\u00d6 2024\t<\/div>\t\t<\/div>\n\t\t\t\t<\/div>\n\t\t\t\t\t<\/div>\n\t\t\t\t<\/div>\n\t\t\t\t<\/div>\n\t\t","protected":false},"excerpt":{"rendered":"<p>Heikki ja Hilma Honkasen s\u00e4\u00e4ti\u00f6 Etusivu Apurahat Tietoa s\u00e4\u00e4ti\u00f6st\u00e4 Historiaa Vuokrakohteet Yhteystiedot Vuokrakohteet S\u00e4\u00e4ti\u00f6n vuokrakohteet sijaitsevat Helsingin ydinkeskustassa Kruununhaassa meren l\u00e4heisyydess\u00e4 hyv\u00e4n ulkoilualueen kupeessa. Yksil\u00f6lliset markkinahintaiset vuokra-asunnot sopivat perheett\u00f6mille ja perheellisille niin opiskelijoille kuin ty\u00f6ss\u00e4k\u00e4yvillekin. Vuokraamme &#8211; Huoneita laadukkaissa soluasunnoissa&#8211; Kalustamattomia huoneistoja 1h+kk \u2013 5 h+k Vapaana olevat asunnot vaihtelevat, joten ota yhteytt\u00e4 s\u00e4\u00e4ti\u00f6n toimistoonpuh. [&hellip;]<\/p>\n","protected":false},"author":1,"featured_media":0,"parent":0,"menu_order":0,"comment_status":"closed","ping_status":"closed","template":"elementor_canvas","meta":{"footnotes":""},"class_list":["post-32","page","type-page","status-publish","hentry"],"_links":{"self":[{"href":"https:\/\/honkasensaatio.fi\/index.php?rest_route=\/wp\/v2\/pages\/32","targetHints":{"allow":["GET"]}}],"collection":[{"href":"https:\/\/honkasensaatio.fi\/index.php?rest_route=\/wp\/v2\/pages"}],"about":[{"href":"https:\/\/honkasensaatio.fi\/index.php?rest_route=\/wp\/v2\/types\/page"}],"author":[{"embeddable":true,"href":"https:\/\/honkasensaatio.fi\/index.php?rest_route=\/wp\/v2\/users\/1"}],"replies":[{"embeddable":true,"href":"https:\/\/honkasensaatio.fi\/index.php?rest_route=%2Fwp%2Fv2%2Fcomments&post=32"}],"version-history":[{"count":7,"href":"https:\/\/honkasensaatio.fi\/index.php?rest_route=\/wp\/v2\/pages\/32\/revisions"}],"predecessor-version":[{"id":85,"href":"https:\/\/honkasensaatio.fi\/index.php?rest_route=\/wp\/v2\/pages\/32\/revisions\/85"}],"wp:attachment":[{"href":"https:\/\/honkasensaatio.fi\/index.php?rest_route=%2Fwp%2Fv2%2Fmedia&parent=32"}],"curies":[{"name":"wp","href":"https:\/\/api.w.org\/{rel}","templated":true}]}}